{"id":405,"date":"2023-07-28T08:15:53","date_gmt":"2023-07-28T08:15:53","guid":{"rendered":"https:\/\/europar1.codetec.pt\/?page_id=405"},"modified":"2023-07-28T08:15:53","modified_gmt":"2023-07-28T08:15:53","slug":"copyright","status":"publish","type":"page","link":"https:\/\/europar.pt\/en\/copyright\/","title":{"rendered":"Copyright"},"content":{"rendered":"<p class=\"has-drop-cap\">All elements contained in this electronic edition of Europar Investimentos &amp; Participa\u00e7\u00f5es, namely texts, photos, illustrations, etc., are protected by law under the Copyright and Related Rights Act.<\/p>\n\n\n\n<div style=\"height:40px\" aria-hidden=\"true\" class=\"wp-block-spacer\"><\/div>\n\n\n\n<p>It is expressly forbidden the commercial use, to copy, reproduce and disclose any texts, photos, illustrations and other elements contained in this electronic edition without express authorization of Europar Investimentos &amp; Participa\u00e7\u00f5es, regardless of the means used for such use, with the exception of the right of quotation defined by law.<\/p>\n\n\n\n<div style=\"height:40px\" aria-hidden=\"true\" class=\"wp-block-spacer\"><\/div>\n\n\n\n<p>Europar Investimentos &amp; Participa\u00e7\u00f5es reserves the right to take legal action against the authors of any unauthorized copying, reproduction, diffusion or commercial exploitation of the elements contained in this electronic edition, namely texts, photos, illustrations, etc.<\/p>","protected":false},"excerpt":{"rendered":"<p>Todos os elementos contidos nesta edi\u00e7\u00e3o electr\u00f3nica da Europar Investimentos &amp; Participa\u00e7\u00f5es, nomeadamente textos, fotos, ilustra\u00e7\u00f5es e outros est\u00e3o protegidos pela lei, ao abrigo do C\u00f3digo dos Direitos de Autor e dos Direitos Conexos. \u00c9 expressamente proibido o uso comercial, a c\u00f3pia, reprodu\u00e7\u00e3o e divulga\u00e7\u00e3o dos textos, fotos, ilustra\u00e7\u00f5es e outros elementos contidos nesta edi\u00e7\u00e3o [&hellip;]<\/p>","protected":false},"author":1,"featured_media":398,"parent":0,"menu_order":0,"comment_status":"closed","ping_status":"closed","template":"","meta":{"footnotes":""},"class_list":["post-405","page","type-page","status-publish","has-post-thumbnail","hentry"],"yoast_head":"<!-- This site is optimized with the Yoast SEO plugin v26.9 - https:\/\/yoast.com\/product\/yoast-seo-wordpress\/ -->\n<title>Copyright - Europar Investimentos &amp; Participa\u00e7\u00f5es<\/title>\n<meta name=\"robots\" content=\"index, follow, max-snippet:-1, max-image-preview:large, max-video-preview:-1\" \/>\n<link rel=\"canonical\" href=\"https:\/\/europar.pt\/en\/copyright\/\" \/>\n<meta property=\"og:locale\" content=\"en_US\" \/>\n<meta property=\"og:type\" content=\"article\" \/>\n<meta property=\"og:title\" content=\"Copyright - Europar Investimentos &amp; Participa\u00e7\u00f5es\" \/>\n<meta property=\"og:description\" content=\"Todos os elementos contidos nesta edi\u00e7\u00e3o electr\u00f3nica da Europar Investimentos &amp; Participa\u00e7\u00f5es, nomeadamente textos, fotos, ilustra\u00e7\u00f5es e outros est\u00e3o protegidos pela lei, ao abrigo do C\u00f3digo dos Direitos de Autor e dos Direitos Conexos. \u00c9 expressamente proibido o uso comercial, a c\u00f3pia, reprodu\u00e7\u00e3o e divulga\u00e7\u00e3o dos textos, fotos, ilustra\u00e7\u00f5es e outros elementos contidos nesta edi\u00e7\u00e3o [&hellip;]\" \/>\n<meta property=\"og:url\" content=\"https:\/\/europar.pt\/en\/copyright\/\" \/>\n<meta property=\"og:site_name\" content=\"Europar Investimentos &amp; Participa\u00e7\u00f5es\" \/>\n<meta property=\"article:publisher\" content=\"https:\/\/www.facebook.com\/europarinvestimentos\/\" \/>\n<meta property=\"og:image\" content=\"https:\/\/europar.pt\/wp-content\/uploads\/2023\/07\/termosutilizacao.jpg\" \/>\n\t<meta property=\"og:image:width\" content=\"960\" \/>\n\t<meta property=\"og:image:height\" content=\"426\" \/>\n\t<meta property=\"og:image:type\" content=\"image\/jpeg\" \/>\n<meta name=\"twitter:card\" content=\"summary_large_image\" \/>\n<meta name=\"twitter:label1\" content=\"Est. reading time\" \/>\n\t<meta name=\"twitter:data1\" content=\"1 minute\" \/>\n<script type=\"application\/ld+json\" class=\"yoast-schema-graph\">{\"@context\":\"https:\/\/schema.org\",\"@graph\":[{\"@type\":\"WebPage\",\"@id\":\"https:\/\/europar.pt\/copyright\/\",\"url\":\"https:\/\/europar.pt\/copyright\/\",\"name\":\"Copyright - Europar Investimentos &amp; Participa\u00e7\u00f5es\",\"isPartOf\":{\"@id\":\"https:\/\/europar.pt\/#website\"},\"primaryImageOfPage\":{\"@id\":\"https:\/\/europar.pt\/copyright\/#primaryimage\"},\"image\":{\"@id\":\"https:\/\/europar.pt\/copyright\/#primaryimage\"},\"thumbnailUrl\":\"https:\/\/europar.pt\/wp-content\/uploads\/2023\/07\/termosutilizacao.jpg\",\"datePublished\":\"2023-07-28T08:15:53+00:00\",\"breadcrumb\":{\"@id\":\"https:\/\/europar.pt\/copyright\/#breadcrumb\"},\"inLanguage\":\"en-US\",\"potentialAction\":[{\"@type\":\"ReadAction\",\"target\":[\"https:\/\/europar.pt\/copyright\/\"]}]},{\"@type\":\"ImageObject\",\"inLanguage\":\"en-US\",\"@id\":\"https:\/\/europar.pt\/copyright\/#primaryimage\",\"url\":\"https:\/\/europar.pt\/wp-content\/uploads\/2023\/07\/termosutilizacao.jpg\",\"contentUrl\":\"https:\/\/europar.pt\/wp-content\/uploads\/2023\/07\/termosutilizacao.jpg\",\"width\":960,\"height\":426},{\"@type\":\"BreadcrumbList\",\"@id\":\"https:\/\/europar.pt\/copyright\/#breadcrumb\",\"itemListElement\":[{\"@type\":\"ListItem\",\"position\":1,\"name\":\"In\u00edcio\",\"item\":\"https:\/\/europar.pt\/\"},{\"@type\":\"ListItem\",\"position\":2,\"name\":\"Copyright\"}]},{\"@type\":\"WebSite\",\"@id\":\"https:\/\/europar.pt\/#website\",\"url\":\"https:\/\/europar.pt\/\",\"name\":\"Europar Investimentos &amp; Participa\u00e7\u00f5es\",\"description\":\"Oportunidades de neg\u00f3cios na Europa\",\"publisher\":{\"@id\":\"https:\/\/europar.pt\/#organization\"},\"potentialAction\":[{\"@type\":\"SearchAction\",\"target\":{\"@type\":\"EntryPoint\",\"urlTemplate\":\"https:\/\/europar.pt\/?s={search_term_string}\"},\"query-input\":{\"@type\":\"PropertyValueSpecification\",\"valueRequired\":true,\"valueName\":\"search_term_string\"}}],\"inLanguage\":\"en-US\"},{\"@type\":\"Organization\",\"@id\":\"https:\/\/europar.pt\/#organization\",\"name\":\"Europar\",\"alternateName\":\"Europar\",\"url\":\"https:\/\/europar.pt\/\",\"logo\":{\"@type\":\"ImageObject\",\"inLanguage\":\"en-US\",\"@id\":\"https:\/\/europar.pt\/#\/schema\/logo\/image\/\",\"url\":\"https:\/\/europar.pt\/wp-content\/uploads\/2023\/07\/cropped-Logomarca-png.png\",\"contentUrl\":\"https:\/\/europar.pt\/wp-content\/uploads\/2023\/07\/cropped-Logomarca-png.png\",\"width\":3787,\"height\":1211,\"caption\":\"Europar\"},\"image\":{\"@id\":\"https:\/\/europar.pt\/#\/schema\/logo\/image\/\"},\"sameAs\":[\"https:\/\/www.facebook.com\/europarinvestimentos\/\",\"https:\/\/pt.linkedin.com\/company\/europar-investimentos\"]}]}<\/script>\n<!-- \/ Yoast SEO plugin. -->","yoast_head_json":{"title":"Copyright - Europar Investimentos &amp; Participa\u00e7\u00f5es","robots":{"index":"index","follow":"follow","max-snippet":"max-snippet:-1","max-image-preview":"max-image-preview:large","max-video-preview":"max-video-preview:-1"},"canonical":"https:\/\/europar.pt\/en\/copyright\/","og_locale":"en_US","og_type":"article","og_title":"Copyright - Europar Investimentos &amp; Participa\u00e7\u00f5es","og_description":"Todos os elementos contidos nesta edi\u00e7\u00e3o electr\u00f3nica da Europar Investimentos &amp; Participa\u00e7\u00f5es, nomeadamente textos, fotos, ilustra\u00e7\u00f5es e outros est\u00e3o protegidos pela lei, ao abrigo do C\u00f3digo dos Direitos de Autor e dos Direitos Conexos. \u00c9 expressamente proibido o uso comercial, a c\u00f3pia, reprodu\u00e7\u00e3o e divulga\u00e7\u00e3o dos textos, fotos, ilustra\u00e7\u00f5es e outros elementos contidos nesta edi\u00e7\u00e3o [&hellip;]","og_url":"https:\/\/europar.pt\/en\/copyright\/","og_site_name":"Europar Investimentos &amp; Participa\u00e7\u00f5es","article_publisher":"https:\/\/www.facebook.com\/europarinvestimentos\/","og_image":[{"width":960,"height":426,"url":"https:\/\/europar.pt\/wp-content\/uploads\/2023\/07\/termosutilizacao.jpg","type":"image\/jpeg"}],"twitter_card":"summary_large_image","twitter_misc":{"Est. reading time":"1 minute"},"schema":{"@context":"https:\/\/schema.org","@graph":[{"@type":"WebPage","@id":"https:\/\/europar.pt\/copyright\/","url":"https:\/\/europar.pt\/copyright\/","name":"Copyright - Europar Investimentos &amp; Participa\u00e7\u00f5es","isPartOf":{"@id":"https:\/\/europar.pt\/#website"},"primaryImageOfPage":{"@id":"https:\/\/europar.pt\/copyright\/#primaryimage"},"image":{"@id":"https:\/\/europar.pt\/copyright\/#primaryimage"},"thumbnailUrl":"https:\/\/europar.pt\/wp-content\/uploads\/2023\/07\/termosutilizacao.jpg","datePublished":"2023-07-28T08:15:53+00:00","breadcrumb":{"@id":"https:\/\/europar.pt\/copyright\/#breadcrumb"},"inLanguage":"en-US","potentialAction":[{"@type":"ReadAction","target":["https:\/\/europar.pt\/copyright\/"]}]},{"@type":"ImageObject","inLanguage":"en-US","@id":"https:\/\/europar.pt\/copyright\/#primaryimage","url":"https:\/\/europar.pt\/wp-content\/uploads\/2023\/07\/termosutilizacao.jpg","contentUrl":"https:\/\/europar.pt\/wp-content\/uploads\/2023\/07\/termosutilizacao.jpg","width":960,"height":426},{"@type":"BreadcrumbList","@id":"https:\/\/europar.pt\/copyright\/#breadcrumb","itemListElement":[{"@type":"ListItem","position":1,"name":"In\u00edcio","item":"https:\/\/europar.pt\/"},{"@type":"ListItem","position":2,"name":"Copyright"}]},{"@type":"WebSite","@id":"https:\/\/europar.pt\/#website","url":"https:\/\/europar.pt\/","name":"Europar Investimentos &amp; Participa\u00e7\u00f5es","description":"Oportunidades de neg\u00f3cios na Europa","publisher":{"@id":"https:\/\/europar.pt\/#organization"},"potentialAction":[{"@type":"SearchAction","target":{"@type":"EntryPoint","urlTemplate":"https:\/\/europar.pt\/?s={search_term_string}"},"query-input":{"@type":"PropertyValueSpecification","valueRequired":true,"valueName":"search_term_string"}}],"inLanguage":"en-US"},{"@type":"Organization","@id":"https:\/\/europar.pt\/#organization","name":"Europar","alternateName":"Europar","url":"https:\/\/europar.pt\/","logo":{"@type":"ImageObject","inLanguage":"en-US","@id":"https:\/\/europar.pt\/#\/schema\/logo\/image\/","url":"https:\/\/europar.pt\/wp-content\/uploads\/2023\/07\/cropped-Logomarca-png.png","contentUrl":"https:\/\/europar.pt\/wp-content\/uploads\/2023\/07\/cropped-Logomarca-png.png","width":3787,"height":1211,"caption":"Europar"},"image":{"@id":"https:\/\/europar.pt\/#\/schema\/logo\/image\/"},"sameAs":["https:\/\/www.facebook.com\/europarinvestimentos\/","https:\/\/pt.linkedin.com\/company\/europar-investimentos"]}]}},"_links":{"self":[{"href":"https:\/\/europar.pt\/en\/wp-json\/wp\/v2\/pages\/405","targetHints":{"allow":["GET"]}}],"collection":[{"href":"https:\/\/europar.pt\/en\/wp-json\/wp\/v2\/pages"}],"about":[{"href":"https:\/\/europar.pt\/en\/wp-json\/wp\/v2\/types\/page"}],"author":[{"embeddable":true,"href":"https:\/\/europar.pt\/en\/wp-json\/wp\/v2\/users\/1"}],"replies":[{"embeddable":true,"href":"https:\/\/europar.pt\/en\/wp-json\/wp\/v2\/comments?post=405"}],"version-history":[{"count":1,"href":"https:\/\/europar.pt\/en\/wp-json\/wp\/v2\/pages\/405\/revisions"}],"predecessor-version":[{"id":407,"href":"https:\/\/europar.pt\/en\/wp-json\/wp\/v2\/pages\/405\/revisions\/407"}],"wp:featuredmedia":[{"embeddable":true,"href":"https:\/\/europar.pt\/en\/wp-json\/wp\/v2\/media\/398"}],"wp:attachment":[{"href":"https:\/\/europar.pt\/en\/wp-json\/wp\/v2\/media?parent=405"}],"curies":[{"name":"wp","href":"https:\/\/api.w.org\/{rel}","templated":true}]}}