{"id":399,"date":"2023-07-28T08:11:04","date_gmt":"2023-07-28T08:11:04","guid":{"rendered":"https:\/\/europar1.codetec.pt\/?page_id=399"},"modified":"2023-07-28T08:11:04","modified_gmt":"2023-07-28T08:11:04","slug":"politica-de-privacidade","status":"publish","type":"page","link":"https:\/\/europar.pt\/en\/politica-de-privacidade\/","title":{"rendered":"Privacy Policy"},"content":{"rendered":"<p class=\"has-drop-cap\">The fulfillment of data protection legislation is an ethical value of Europar Investimentos &amp; Participa\u00e7\u00f5es and its Offices, as is apparent from our privacy policy.<\/p>\n\n\n\n<div style=\"height:40px\" aria-hidden=\"true\" class=\"wp-block-spacer\"><\/div>\n\n\n\n<p>Europar takes all necessary measures to ensure that your personal data are treated securely and in accordance with applicable law.<\/p>\n\n\n\n<div style=\"height:40px\" aria-hidden=\"true\" class=\"wp-block-spacer\"><\/div>\n\n\n\n<p>Your personal data is treated by Europar and its offices in complete confidentiality.<\/p>","protected":false},"excerpt":{"rendered":"<p>O cumprimento da legisla\u00e7\u00e3o relativa \u00e0 prote\u00e7\u00e3o de dados apresenta-se como um valor \u00e9tico da Europar Investimentos &amp; Participa\u00e7\u00f5es e os seus Escrit\u00f3rios, conforme resulta da nossa pol\u00edtica de privacidade. A Europar adota todas as medidas necess\u00e1rias para assegurar que os seus dados pessoais s\u00e3o tratados de forma segura e de acordo com a legisla\u00e7\u00e3o [&hellip;]<\/p>","protected":false},"author":1,"featured_media":398,"parent":0,"menu_order":0,"comment_status":"closed","ping_status":"closed","template":"","meta":{"footnotes":""},"class_list":["post-399","page","type-page","status-publish","has-post-thumbnail","hentry"],"yoast_head":"<!-- This site is optimized with the Yoast SEO plugin v26.9 - https:\/\/yoast.com\/product\/yoast-seo-wordpress\/ -->\n<title>Pol\u00edtica de Privacidade - Europar Investimentos &amp; Participa\u00e7\u00f5es<\/title>\n<meta name=\"robots\" content=\"index, follow, max-snippet:-1, max-image-preview:large, max-video-preview:-1\" \/>\n<link rel=\"canonical\" href=\"https:\/\/europar.pt\/en\/politica-de-privacidade\/\" \/>\n<meta property=\"og:locale\" content=\"en_US\" \/>\n<meta property=\"og:type\" content=\"article\" \/>\n<meta property=\"og:title\" content=\"Pol\u00edtica de Privacidade - Europar Investimentos &amp; Participa\u00e7\u00f5es\" \/>\n<meta property=\"og:description\" content=\"O cumprimento da legisla\u00e7\u00e3o relativa \u00e0 prote\u00e7\u00e3o de dados apresenta-se como um valor \u00e9tico da Europar Investimentos &amp; Participa\u00e7\u00f5es e os seus Escrit\u00f3rios, conforme resulta da nossa pol\u00edtica de privacidade. A Europar adota todas as medidas necess\u00e1rias para assegurar que os seus dados pessoais s\u00e3o tratados de forma segura e de acordo com a legisla\u00e7\u00e3o [&hellip;]\" \/>\n<meta property=\"og:url\" content=\"https:\/\/europar.pt\/en\/politica-de-privacidade\/\" \/>\n<meta property=\"og:site_name\" content=\"Europar Investimentos &amp; Participa\u00e7\u00f5es\" \/>\n<meta property=\"article:publisher\" content=\"https:\/\/www.facebook.com\/europarinvestimentos\/\" \/>\n<meta property=\"og:image\" content=\"https:\/\/europar.pt\/wp-content\/uploads\/2023\/07\/termosutilizacao.jpg\" \/>\n\t<meta property=\"og:image:width\" content=\"960\" \/>\n\t<meta property=\"og:image:height\" content=\"426\" \/>\n\t<meta property=\"og:image:type\" content=\"image\/jpeg\" \/>\n<meta name=\"twitter:card\" content=\"summary_large_image\" \/>\n<script type=\"application\/ld+json\" class=\"yoast-schema-graph\">{\"@context\":\"https:\/\/schema.org\",\"@graph\":[{\"@type\":\"WebPage\",\"@id\":\"https:\/\/europar.pt\/politica-de-privacidade\/\",\"url\":\"https:\/\/europar.pt\/politica-de-privacidade\/\",\"name\":\"Pol\u00edtica de Privacidade - Europar Investimentos &amp; Participa\u00e7\u00f5es\",\"isPartOf\":{\"@id\":\"https:\/\/europar.pt\/#website\"},\"primaryImageOfPage\":{\"@id\":\"https:\/\/europar.pt\/politica-de-privacidade\/#primaryimage\"},\"image\":{\"@id\":\"https:\/\/europar.pt\/politica-de-privacidade\/#primaryimage\"},\"thumbnailUrl\":\"https:\/\/europar.pt\/wp-content\/uploads\/2023\/07\/termosutilizacao.jpg\",\"datePublished\":\"2023-07-28T08:11:04+00:00\",\"breadcrumb\":{\"@id\":\"https:\/\/europar.pt\/politica-de-privacidade\/#breadcrumb\"},\"inLanguage\":\"en-US\",\"potentialAction\":[{\"@type\":\"ReadAction\",\"target\":[\"https:\/\/europar.pt\/politica-de-privacidade\/\"]}]},{\"@type\":\"ImageObject\",\"inLanguage\":\"en-US\",\"@id\":\"https:\/\/europar.pt\/politica-de-privacidade\/#primaryimage\",\"url\":\"https:\/\/europar.pt\/wp-content\/uploads\/2023\/07\/termosutilizacao.jpg\",\"contentUrl\":\"https:\/\/europar.pt\/wp-content\/uploads\/2023\/07\/termosutilizacao.jpg\",\"width\":960,\"height\":426},{\"@type\":\"BreadcrumbList\",\"@id\":\"https:\/\/europar.pt\/politica-de-privacidade\/#breadcrumb\",\"itemListElement\":[{\"@type\":\"ListItem\",\"position\":1,\"name\":\"In\u00edcio\",\"item\":\"https:\/\/europar.pt\/\"},{\"@type\":\"ListItem\",\"position\":2,\"name\":\"Pol\u00edtica de Privacidade\"}]},{\"@type\":\"WebSite\",\"@id\":\"https:\/\/europar.pt\/#website\",\"url\":\"https:\/\/europar.pt\/\",\"name\":\"Europar Investimentos &amp; Participa\u00e7\u00f5es\",\"description\":\"Oportunidades de neg\u00f3cios na Europa\",\"publisher\":{\"@id\":\"https:\/\/europar.pt\/#organization\"},\"potentialAction\":[{\"@type\":\"SearchAction\",\"target\":{\"@type\":\"EntryPoint\",\"urlTemplate\":\"https:\/\/europar.pt\/?s={search_term_string}\"},\"query-input\":{\"@type\":\"PropertyValueSpecification\",\"valueRequired\":true,\"valueName\":\"search_term_string\"}}],\"inLanguage\":\"en-US\"},{\"@type\":\"Organization\",\"@id\":\"https:\/\/europar.pt\/#organization\",\"name\":\"Europar\",\"alternateName\":\"Europar\",\"url\":\"https:\/\/europar.pt\/\",\"logo\":{\"@type\":\"ImageObject\",\"inLanguage\":\"en-US\",\"@id\":\"https:\/\/europar.pt\/#\/schema\/logo\/image\/\",\"url\":\"https:\/\/europar.pt\/wp-content\/uploads\/2023\/07\/cropped-Logomarca-png.png\",\"contentUrl\":\"https:\/\/europar.pt\/wp-content\/uploads\/2023\/07\/cropped-Logomarca-png.png\",\"width\":3787,\"height\":1211,\"caption\":\"Europar\"},\"image\":{\"@id\":\"https:\/\/europar.pt\/#\/schema\/logo\/image\/\"},\"sameAs\":[\"https:\/\/www.facebook.com\/europarinvestimentos\/\",\"https:\/\/pt.linkedin.com\/company\/europar-investimentos\"]}]}<\/script>\n<!-- \/ Yoast SEO plugin. -->","yoast_head_json":{"title":"Pol\u00edtica de Privacidade - Europar Investimentos &amp; Participa\u00e7\u00f5es","robots":{"index":"index","follow":"follow","max-snippet":"max-snippet:-1","max-image-preview":"max-image-preview:large","max-video-preview":"max-video-preview:-1"},"canonical":"https:\/\/europar.pt\/en\/politica-de-privacidade\/","og_locale":"en_US","og_type":"article","og_title":"Pol\u00edtica de Privacidade - Europar Investimentos &amp; Participa\u00e7\u00f5es","og_description":"O cumprimento da legisla\u00e7\u00e3o relativa \u00e0 prote\u00e7\u00e3o de dados apresenta-se como um valor \u00e9tico da Europar Investimentos &amp; Participa\u00e7\u00f5es e os seus Escrit\u00f3rios, conforme resulta da nossa pol\u00edtica de privacidade. A Europar adota todas as medidas necess\u00e1rias para assegurar que os seus dados pessoais s\u00e3o tratados de forma segura e de acordo com a legisla\u00e7\u00e3o [&hellip;]","og_url":"https:\/\/europar.pt\/en\/politica-de-privacidade\/","og_site_name":"Europar Investimentos &amp; Participa\u00e7\u00f5es","article_publisher":"https:\/\/www.facebook.com\/europarinvestimentos\/","og_image":[{"width":960,"height":426,"url":"https:\/\/europar.pt\/wp-content\/uploads\/2023\/07\/termosutilizacao.jpg","type":"image\/jpeg"}],"twitter_card":"summary_large_image","schema":{"@context":"https:\/\/schema.org","@graph":[{"@type":"WebPage","@id":"https:\/\/europar.pt\/politica-de-privacidade\/","url":"https:\/\/europar.pt\/politica-de-privacidade\/","name":"Pol\u00edtica de Privacidade - Europar Investimentos &amp; Participa\u00e7\u00f5es","isPartOf":{"@id":"https:\/\/europar.pt\/#website"},"primaryImageOfPage":{"@id":"https:\/\/europar.pt\/politica-de-privacidade\/#primaryimage"},"image":{"@id":"https:\/\/europar.pt\/politica-de-privacidade\/#primaryimage"},"thumbnailUrl":"https:\/\/europar.pt\/wp-content\/uploads\/2023\/07\/termosutilizacao.jpg","datePublished":"2023-07-28T08:11:04+00:00","breadcrumb":{"@id":"https:\/\/europar.pt\/politica-de-privacidade\/#breadcrumb"},"inLanguage":"en-US","potentialAction":[{"@type":"ReadAction","target":["https:\/\/europar.pt\/politica-de-privacidade\/"]}]},{"@type":"ImageObject","inLanguage":"en-US","@id":"https:\/\/europar.pt\/politica-de-privacidade\/#primaryimage","url":"https:\/\/europar.pt\/wp-content\/uploads\/2023\/07\/termosutilizacao.jpg","contentUrl":"https:\/\/europar.pt\/wp-content\/uploads\/2023\/07\/termosutilizacao.jpg","width":960,"height":426},{"@type":"BreadcrumbList","@id":"https:\/\/europar.pt\/politica-de-privacidade\/#breadcrumb","itemListElement":[{"@type":"ListItem","position":1,"name":"In\u00edcio","item":"https:\/\/europar.pt\/"},{"@type":"ListItem","position":2,"name":"Pol\u00edtica de Privacidade"}]},{"@type":"WebSite","@id":"https:\/\/europar.pt\/#website","url":"https:\/\/europar.pt\/","name":"Europar Investimentos &amp; Participa\u00e7\u00f5es","description":"Oportunidades de neg\u00f3cios na Europa","publisher":{"@id":"https:\/\/europar.pt\/#organization"},"potentialAction":[{"@type":"SearchAction","target":{"@type":"EntryPoint","urlTemplate":"https:\/\/europar.pt\/?s={search_term_string}"},"query-input":{"@type":"PropertyValueSpecification","valueRequired":true,"valueName":"search_term_string"}}],"inLanguage":"en-US"},{"@type":"Organization","@id":"https:\/\/europar.pt\/#organization","name":"Europar","alternateName":"Europar","url":"https:\/\/europar.pt\/","logo":{"@type":"ImageObject","inLanguage":"en-US","@id":"https:\/\/europar.pt\/#\/schema\/logo\/image\/","url":"https:\/\/europar.pt\/wp-content\/uploads\/2023\/07\/cropped-Logomarca-png.png","contentUrl":"https:\/\/europar.pt\/wp-content\/uploads\/2023\/07\/cropped-Logomarca-png.png","width":3787,"height":1211,"caption":"Europar"},"image":{"@id":"https:\/\/europar.pt\/#\/schema\/logo\/image\/"},"sameAs":["https:\/\/www.facebook.com\/europarinvestimentos\/","https:\/\/pt.linkedin.com\/company\/europar-investimentos"]}]}},"_links":{"self":[{"href":"https:\/\/europar.pt\/en\/wp-json\/wp\/v2\/pages\/399","targetHints":{"allow":["GET"]}}],"collection":[{"href":"https:\/\/europar.pt\/en\/wp-json\/wp\/v2\/pages"}],"about":[{"href":"https:\/\/europar.pt\/en\/wp-json\/wp\/v2\/types\/page"}],"author":[{"embeddable":true,"href":"https:\/\/europar.pt\/en\/wp-json\/wp\/v2\/users\/1"}],"replies":[{"embeddable":true,"href":"https:\/\/europar.pt\/en\/wp-json\/wp\/v2\/comments?post=399"}],"version-history":[{"count":1,"href":"https:\/\/europar.pt\/en\/wp-json\/wp\/v2\/pages\/399\/revisions"}],"predecessor-version":[{"id":400,"href":"https:\/\/europar.pt\/en\/wp-json\/wp\/v2\/pages\/399\/revisions\/400"}],"wp:featuredmedia":[{"embeddable":true,"href":"https:\/\/europar.pt\/en\/wp-json\/wp\/v2\/media\/398"}],"wp:attachment":[{"href":"https:\/\/europar.pt\/en\/wp-json\/wp\/v2\/media?parent=399"}],"curies":[{"name":"wp","href":"https:\/\/api.w.org\/{rel}","templated":true}]}}