{"id":384,"date":"2023-07-28T07:59:56","date_gmt":"2023-07-28T07:59:56","guid":{"rendered":"https:\/\/europar1.codetec.pt\/?page_id=384"},"modified":"2023-07-29T09:18:07","modified_gmt":"2023-07-29T09:18:07","slug":"termos-de-utilizacao","status":"publish","type":"page","link":"https:\/\/europar.pt\/en\/termos-de-utilizacao\/","title":{"rendered":"Terms of Use"},"content":{"rendered":"<p class=\"has-drop-cap\">A informa\u00e7\u00e3o disponibilizada no website\u00a0www.europar.pt\u00a0pode ser visualizada, copiada, impressa e distribu\u00edda exclusivamente para uso n\u00e3o comercial, e desde que contenha em todas as c\u00f3pias, o aviso legal de copyright acima indicado.<\/p>\n\n\n\n<div style=\"height:40px\" aria-hidden=\"true\" class=\"wp-block-spacer\"><\/div>\n\n\n\n<p>The content on this site may not be modified or reinterpreted so as to be protected under another copyright, patent, trademark or registration of intellectual property that does not belong to Europar Investimentos &amp; Participa\u00e7\u00f5es.<\/p>","protected":false},"excerpt":{"rendered":"<p>A informa\u00e7\u00e3o disponibilizada no website\u00a0www.europar.pt\u00a0pode ser visualizada, copiada, impressa e distribu\u00edda exclusivamente para uso n\u00e3o comercial, e desde que contenha em todas as c\u00f3pias, o aviso legal de copyright acima indicado. O conte\u00fado deste site n\u00e3o poder\u00e1 ser modificado ou reinterpretado de forma a ficar protegido sob outro copyright, patente, marca ou registo de propriedade [&hellip;]<\/p>","protected":false},"author":1,"featured_media":398,"parent":0,"menu_order":0,"comment_status":"closed","ping_status":"closed","template":"","meta":{"footnotes":""},"class_list":["post-384","page","type-page","status-publish","has-post-thumbnail","hentry"],"yoast_head":"<!-- This site is optimized with the Yoast SEO plugin v26.9 - https:\/\/yoast.com\/product\/yoast-seo-wordpress\/ -->\n<title>Termos de Utiliza\u00e7\u00e3o - Europar Investimentos &amp; Participa\u00e7\u00f5es<\/title>\n<meta name=\"robots\" content=\"index, follow, max-snippet:-1, max-image-preview:large, max-video-preview:-1\" \/>\n<link rel=\"canonical\" href=\"https:\/\/europar.pt\/en\/termos-de-utilizacao\/\" \/>\n<meta property=\"og:locale\" content=\"en_US\" \/>\n<meta property=\"og:type\" content=\"article\" \/>\n<meta property=\"og:title\" content=\"Termos de Utiliza\u00e7\u00e3o - Europar Investimentos &amp; Participa\u00e7\u00f5es\" \/>\n<meta property=\"og:description\" content=\"A informa\u00e7\u00e3o disponibilizada no website\u00a0www.europar.pt\u00a0pode ser visualizada, copiada, impressa e distribu\u00edda exclusivamente para uso n\u00e3o comercial, e desde que contenha em todas as c\u00f3pias, o aviso legal de copyright acima indicado. O conte\u00fado deste site n\u00e3o poder\u00e1 ser modificado ou reinterpretado de forma a ficar protegido sob outro copyright, patente, marca ou registo de propriedade [&hellip;]\" \/>\n<meta property=\"og:url\" content=\"https:\/\/europar.pt\/en\/termos-de-utilizacao\/\" \/>\n<meta property=\"og:site_name\" content=\"Europar Investimentos &amp; Participa\u00e7\u00f5es\" \/>\n<meta property=\"article:publisher\" content=\"https:\/\/www.facebook.com\/europarinvestimentos\/\" \/>\n<meta property=\"article:modified_time\" content=\"2023-07-29T09:18:07+00:00\" \/>\n<meta property=\"og:image\" content=\"https:\/\/europar.pt\/wp-content\/uploads\/2023\/07\/termosutilizacao.jpg\" \/>\n\t<meta property=\"og:image:width\" content=\"960\" \/>\n\t<meta property=\"og:image:height\" content=\"426\" \/>\n\t<meta property=\"og:image:type\" content=\"image\/jpeg\" \/>\n<meta name=\"twitter:card\" content=\"summary_large_image\" \/>\n<script type=\"application\/ld+json\" class=\"yoast-schema-graph\">{\"@context\":\"https:\/\/schema.org\",\"@graph\":[{\"@type\":\"WebPage\",\"@id\":\"https:\/\/europar.pt\/termos-de-utilizacao\/\",\"url\":\"https:\/\/europar.pt\/termos-de-utilizacao\/\",\"name\":\"Termos de Utiliza\u00e7\u00e3o - Europar Investimentos &amp; Participa\u00e7\u00f5es\",\"isPartOf\":{\"@id\":\"https:\/\/europar.pt\/#website\"},\"primaryImageOfPage\":{\"@id\":\"https:\/\/europar.pt\/termos-de-utilizacao\/#primaryimage\"},\"image\":{\"@id\":\"https:\/\/europar.pt\/termos-de-utilizacao\/#primaryimage\"},\"thumbnailUrl\":\"https:\/\/europar.pt\/wp-content\/uploads\/2023\/07\/termosutilizacao.jpg\",\"datePublished\":\"2023-07-28T07:59:56+00:00\",\"dateModified\":\"2023-07-29T09:18:07+00:00\",\"breadcrumb\":{\"@id\":\"https:\/\/europar.pt\/termos-de-utilizacao\/#breadcrumb\"},\"inLanguage\":\"en-US\",\"potentialAction\":[{\"@type\":\"ReadAction\",\"target\":[\"https:\/\/europar.pt\/termos-de-utilizacao\/\"]}]},{\"@type\":\"ImageObject\",\"inLanguage\":\"en-US\",\"@id\":\"https:\/\/europar.pt\/termos-de-utilizacao\/#primaryimage\",\"url\":\"https:\/\/europar.pt\/wp-content\/uploads\/2023\/07\/termosutilizacao.jpg\",\"contentUrl\":\"https:\/\/europar.pt\/wp-content\/uploads\/2023\/07\/termosutilizacao.jpg\",\"width\":960,\"height\":426},{\"@type\":\"BreadcrumbList\",\"@id\":\"https:\/\/europar.pt\/termos-de-utilizacao\/#breadcrumb\",\"itemListElement\":[{\"@type\":\"ListItem\",\"position\":1,\"name\":\"In\u00edcio\",\"item\":\"https:\/\/europar.pt\/\"},{\"@type\":\"ListItem\",\"position\":2,\"name\":\"Termos de Utiliza\u00e7\u00e3o\"}]},{\"@type\":\"WebSite\",\"@id\":\"https:\/\/europar.pt\/#website\",\"url\":\"https:\/\/europar.pt\/\",\"name\":\"Europar Investimentos &amp; Participa\u00e7\u00f5es\",\"description\":\"Oportunidades de neg\u00f3cios na Europa\",\"publisher\":{\"@id\":\"https:\/\/europar.pt\/#organization\"},\"potentialAction\":[{\"@type\":\"SearchAction\",\"target\":{\"@type\":\"EntryPoint\",\"urlTemplate\":\"https:\/\/europar.pt\/?s={search_term_string}\"},\"query-input\":{\"@type\":\"PropertyValueSpecification\",\"valueRequired\":true,\"valueName\":\"search_term_string\"}}],\"inLanguage\":\"en-US\"},{\"@type\":\"Organization\",\"@id\":\"https:\/\/europar.pt\/#organization\",\"name\":\"Europar\",\"alternateName\":\"Europar\",\"url\":\"https:\/\/europar.pt\/\",\"logo\":{\"@type\":\"ImageObject\",\"inLanguage\":\"en-US\",\"@id\":\"https:\/\/europar.pt\/#\/schema\/logo\/image\/\",\"url\":\"https:\/\/europar.pt\/wp-content\/uploads\/2023\/07\/cropped-Logomarca-png.png\",\"contentUrl\":\"https:\/\/europar.pt\/wp-content\/uploads\/2023\/07\/cropped-Logomarca-png.png\",\"width\":3787,\"height\":1211,\"caption\":\"Europar\"},\"image\":{\"@id\":\"https:\/\/europar.pt\/#\/schema\/logo\/image\/\"},\"sameAs\":[\"https:\/\/www.facebook.com\/europarinvestimentos\/\",\"https:\/\/pt.linkedin.com\/company\/europar-investimentos\"]}]}<\/script>\n<!-- \/ Yoast SEO plugin. -->","yoast_head_json":{"title":"Termos de Utiliza\u00e7\u00e3o - Europar Investimentos &amp; Participa\u00e7\u00f5es","robots":{"index":"index","follow":"follow","max-snippet":"max-snippet:-1","max-image-preview":"max-image-preview:large","max-video-preview":"max-video-preview:-1"},"canonical":"https:\/\/europar.pt\/en\/termos-de-utilizacao\/","og_locale":"en_US","og_type":"article","og_title":"Termos de Utiliza\u00e7\u00e3o - Europar Investimentos &amp; Participa\u00e7\u00f5es","og_description":"A informa\u00e7\u00e3o disponibilizada no website\u00a0www.europar.pt\u00a0pode ser visualizada, copiada, impressa e distribu\u00edda exclusivamente para uso n\u00e3o comercial, e desde que contenha em todas as c\u00f3pias, o aviso legal de copyright acima indicado. O conte\u00fado deste site n\u00e3o poder\u00e1 ser modificado ou reinterpretado de forma a ficar protegido sob outro copyright, patente, marca ou registo de propriedade [&hellip;]","og_url":"https:\/\/europar.pt\/en\/termos-de-utilizacao\/","og_site_name":"Europar Investimentos &amp; Participa\u00e7\u00f5es","article_publisher":"https:\/\/www.facebook.com\/europarinvestimentos\/","article_modified_time":"2023-07-29T09:18:07+00:00","og_image":[{"width":960,"height":426,"url":"https:\/\/europar.pt\/wp-content\/uploads\/2023\/07\/termosutilizacao.jpg","type":"image\/jpeg"}],"twitter_card":"summary_large_image","schema":{"@context":"https:\/\/schema.org","@graph":[{"@type":"WebPage","@id":"https:\/\/europar.pt\/termos-de-utilizacao\/","url":"https:\/\/europar.pt\/termos-de-utilizacao\/","name":"Termos de Utiliza\u00e7\u00e3o - Europar Investimentos &amp; Participa\u00e7\u00f5es","isPartOf":{"@id":"https:\/\/europar.pt\/#website"},"primaryImageOfPage":{"@id":"https:\/\/europar.pt\/termos-de-utilizacao\/#primaryimage"},"image":{"@id":"https:\/\/europar.pt\/termos-de-utilizacao\/#primaryimage"},"thumbnailUrl":"https:\/\/europar.pt\/wp-content\/uploads\/2023\/07\/termosutilizacao.jpg","datePublished":"2023-07-28T07:59:56+00:00","dateModified":"2023-07-29T09:18:07+00:00","breadcrumb":{"@id":"https:\/\/europar.pt\/termos-de-utilizacao\/#breadcrumb"},"inLanguage":"en-US","potentialAction":[{"@type":"ReadAction","target":["https:\/\/europar.pt\/termos-de-utilizacao\/"]}]},{"@type":"ImageObject","inLanguage":"en-US","@id":"https:\/\/europar.pt\/termos-de-utilizacao\/#primaryimage","url":"https:\/\/europar.pt\/wp-content\/uploads\/2023\/07\/termosutilizacao.jpg","contentUrl":"https:\/\/europar.pt\/wp-content\/uploads\/2023\/07\/termosutilizacao.jpg","width":960,"height":426},{"@type":"BreadcrumbList","@id":"https:\/\/europar.pt\/termos-de-utilizacao\/#breadcrumb","itemListElement":[{"@type":"ListItem","position":1,"name":"In\u00edcio","item":"https:\/\/europar.pt\/"},{"@type":"ListItem","position":2,"name":"Termos de Utiliza\u00e7\u00e3o"}]},{"@type":"WebSite","@id":"https:\/\/europar.pt\/#website","url":"https:\/\/europar.pt\/","name":"Europar Investimentos &amp; Participa\u00e7\u00f5es","description":"Oportunidades de neg\u00f3cios na Europa","publisher":{"@id":"https:\/\/europar.pt\/#organization"},"potentialAction":[{"@type":"SearchAction","target":{"@type":"EntryPoint","urlTemplate":"https:\/\/europar.pt\/?s={search_term_string}"},"query-input":{"@type":"PropertyValueSpecification","valueRequired":true,"valueName":"search_term_string"}}],"inLanguage":"en-US"},{"@type":"Organization","@id":"https:\/\/europar.pt\/#organization","name":"Europar","alternateName":"Europar","url":"https:\/\/europar.pt\/","logo":{"@type":"ImageObject","inLanguage":"en-US","@id":"https:\/\/europar.pt\/#\/schema\/logo\/image\/","url":"https:\/\/europar.pt\/wp-content\/uploads\/2023\/07\/cropped-Logomarca-png.png","contentUrl":"https:\/\/europar.pt\/wp-content\/uploads\/2023\/07\/cropped-Logomarca-png.png","width":3787,"height":1211,"caption":"Europar"},"image":{"@id":"https:\/\/europar.pt\/#\/schema\/logo\/image\/"},"sameAs":["https:\/\/www.facebook.com\/europarinvestimentos\/","https:\/\/pt.linkedin.com\/company\/europar-investimentos"]}]}},"_links":{"self":[{"href":"https:\/\/europar.pt\/en\/wp-json\/wp\/v2\/pages\/384","targetHints":{"allow":["GET"]}}],"collection":[{"href":"https:\/\/europar.pt\/en\/wp-json\/wp\/v2\/pages"}],"about":[{"href":"https:\/\/europar.pt\/en\/wp-json\/wp\/v2\/types\/page"}],"author":[{"embeddable":true,"href":"https:\/\/europar.pt\/en\/wp-json\/wp\/v2\/users\/1"}],"replies":[{"embeddable":true,"href":"https:\/\/europar.pt\/en\/wp-json\/wp\/v2\/comments?post=384"}],"version-history":[{"count":4,"href":"https:\/\/europar.pt\/en\/wp-json\/wp\/v2\/pages\/384\/revisions"}],"predecessor-version":[{"id":622,"href":"https:\/\/europar.pt\/en\/wp-json\/wp\/v2\/pages\/384\/revisions\/622"}],"wp:featuredmedia":[{"embeddable":true,"href":"https:\/\/europar.pt\/en\/wp-json\/wp\/v2\/media\/398"}],"wp:attachment":[{"href":"https:\/\/europar.pt\/en\/wp-json\/wp\/v2\/media?parent=384"}],"curies":[{"name":"wp","href":"https:\/\/api.w.org\/{rel}","templated":true}]}}