{"id":36,"date":"2023-07-20T22:14:54","date_gmt":"2023-07-20T22:14:54","guid":{"rendered":"https:\/\/europar1.codetec.pt\/?page_id=36"},"modified":"2023-10-31T19:51:42","modified_gmt":"2023-10-31T19:51:42","slug":"golden-visa","status":"publish","type":"page","link":"https:\/\/europar.pt\/en\/golden-visa\/","title":{"rendered":"Visa Gold"},"content":{"rendered":"<div data-elementor-type=\"wp-page\" data-elementor-id=\"36\" class=\"elementor elementor-36\" data-elementor-post-type=\"page\">\n\t\t\t\t\t\t<section data-particle_enable=\"false\" data-particle-mobile-disabled=\"false\" class=\"elementor-section elementor-top-section elementor-element elementor-element-7d8729c6 elementor-section-height-min-height elementor-section-boxed elementor-section-height-default elementor-section-items-middle\" data-id=\"7d8729c6\" data-element_type=\"section\" data-e-type=\"section\" data-settings=\"{&quot;background_background&quot;:&quot;classic&quot;}\">\n\t\t\t\t\t\t\t<div class=\"elementor-background-overlay\"><\/div>\n\t\t\t\t\t\t\t<div class=\"elementor-container elementor-column-gap-no\">\n\t\t\t\t\t<div class=\"elementor-column elementor-col-100 elementor-top-column elementor-element elementor-element-48141dc1\" data-id=\"48141dc1\" data-element_type=\"column\" data-e-type=\"column\">\n\t\t\t<div class=\"elementor-widget-wrap elementor-element-populated\">\n\t\t\t\t\t\t<div class=\"elementor-element elementor-element-fa5d808 elementor-widget elementor-widget-heading\" data-id=\"fa5d808\" data-element_type=\"widget\" data-e-type=\"widget\" data-widget_type=\"heading.default\">\n\t\t\t\t<div class=\"elementor-widget-container\">\n\t\t\t\t\t<h2 class=\"elementor-heading-title elementor-size-default\">Visa Gold<\/h2>\t\t\t\t<\/div>\n\t\t\t\t<\/div>\n\t\t\t\t\t<\/div>\n\t\t<\/div>\n\t\t\t\t\t<\/div>\n\t\t<\/section>\n\t\t\t\t<section data-particle_enable=\"false\" data-particle-mobile-disabled=\"false\" class=\"elementor-section elementor-top-section elementor-element elementor-element-c2c2128 elementor-section-full_width elementor-section-height-default elementor-section-height-default\" data-id=\"c2c2128\" data-element_type=\"section\" data-e-type=\"section\">\n\t\t\t\t\t\t<div class=\"elementor-container elementor-column-gap-no\">\n\t\t\t\t\t<div class=\"elementor-column elementor-col-100 elementor-top-column elementor-element elementor-element-3a0a6c80\" data-id=\"3a0a6c80\" data-element_type=\"column\" data-e-type=\"column\" data-settings=\"{&quot;background_background&quot;:&quot;classic&quot;}\">\n\t\t\t<div class=\"elementor-widget-wrap elementor-element-populated\">\n\t\t\t\t\t\t<div class=\"elementor-element elementor-element-8850d7c elementor-widget elementor-widget-heading\" data-id=\"8850d7c\" data-element_type=\"widget\" data-e-type=\"widget\" data-widget_type=\"heading.default\">\n\t\t\t\t<div class=\"elementor-widget-container\">\n\t\t\t\t\t<h2 class=\"elementor-heading-title elementor-size-default\">What is the Visa Gold?<\/h2>\t\t\t\t<\/div>\n\t\t\t\t<\/div>\n\t\t\t\t<div class=\"elementor-element elementor-element-6fab3a3b elementor-widget elementor-widget-text-editor\" data-id=\"6fab3a3b\" data-element_type=\"widget\" data-e-type=\"widget\" data-widget_type=\"text-editor.default\">\n\t\t\t\t<div class=\"elementor-widget-container\">\n\t\t\t\t\t\t\t\t\t<p>It is a program that allows you to obtain a temporary residence visa in Portugal through investments in the country.<br \/><br \/>By obtaining the Visa Gold you will have access to live, work and study in Portuguese territory, as well as free movement within the Schengen Area.<br \/><br \/>The program makes it possible to obtain Portuguese citizenship after 5 years of the temporary residence permit in the country.<\/p>\t\t\t\t\t\t\t\t<\/div>\n\t\t\t\t<\/div>\n\t\t\t\t<div class=\"elementor-element elementor-element-a3e9383 elementor-widget elementor-widget-heading\" data-id=\"a3e9383\" data-element_type=\"widget\" data-e-type=\"widget\" data-widget_type=\"heading.default\">\n\t\t\t\t<div class=\"elementor-widget-container\">\n\t\t\t\t\t<h2 class=\"elementor-heading-title elementor-size-default\">Visa Gold Europar Advantages<\/h2>\t\t\t\t<\/div>\n\t\t\t\t<\/div>\n\t\t\t\t<div class=\"elementor-element elementor-element-5b1f1fc elementor-widget elementor-widget-text-editor\" data-id=\"5b1f1fc\" data-element_type=\"widget\" data-e-type=\"widget\" data-widget_type=\"text-editor.default\">\n\t\t\t\t<div class=\"elementor-widget-container\">\n\t\t\t\t\t\t\t\t\t- Acquisition of <strong>commercial real estate<\/strong> throughout the country, including central regions such as <strong>Lisbon, Porto, and the Algarve<\/strong>, from a value equal to or greater than <strong>500.000,00 \u20ac.<\/strong>\n\n<br><br>\n- Investments in <strong>commercial assets with guaranteed income<\/strong>, through a contract with <strong>renowned brands in the European and world markets<\/strong>, which provide a <strong>estimated Yield of 5.5%<\/strong>.\n\n<br><br><br>\n<strong><u>Tax Benefits <\/u><\/strong>\n\n<br><br>\n- The Portuguese tax regime is favorable for foreigners who want to live and become tax residents in the country.\n\n<br><br>\nThe Visa Gold program carries no tax liability for its applicants, unless they spend more than 183 days per year in Portugal.\n<br><br>\n\n- In Portugal, no inheritance, estate increment or cryptocurrency income tax of any kind persists.\n\n<br><br><br>\n\n<strong><u>Family Benefits <\/u><\/strong>\n<br><br>\n\nThe family members to be included in the Visa Gold application must be:\n<ul>\n \t<li>Spouse or legal partner;<\/li>\n<\/ul>\n<ul>\n \t<li>Under 18 years old;<\/li>\n<\/ul>\n<ul>\n \t<li>Children under the age of 26 who are dependent on the Visa Gold holder, namely, who are single and enrolled as students or financially dependent on their parents<\/li>\n<\/ul>\n<ul>\n \t<li>Parents of one spouse if they are over 66 years old (or 55 years old considered dependent);<\/li>\n<\/ul>\n<ul>\n \t<li>Siblings under the age of 18 of both spouses or partners if they are legally responsible, as determined by the courts.<\/li>\n<\/ul><br><br><br>\nLearn more about how to invest to secure your Golden Visa through <a style=\"color: #223962;\" href=\"mailto:info@europar.pt\">info@europar.pt<\/a>.\t\t\t\t\t\t\t\t<\/div>\n\t\t\t\t<\/div>\n\t\t\t\t\t<\/div>\n\t\t<\/div>\n\t\t\t\t\t<\/div>\n\t\t<\/section>\n\t\t\t\t<\/div>","protected":false},"excerpt":{"rendered":"<p>Golden Visa O que \u00e9 o Golden Visa? \u00c9 um programa que permite obter um visto de resid\u00eancia tempor\u00e1rio em Portugal atrav\u00e9s de investimentos no pa\u00eds. Com a obten\u00e7\u00e3o do Golden Visa ter\u00e1 acesso a viver, trabalhar e estudar em territ\u00f3rio portugu\u00eas, bem como a livre circula\u00e7\u00e3o no Espa\u00e7o Schengen. O programa possibilita obter a [&hellip;]<\/p>","protected":false},"author":1,"featured_media":0,"parent":0,"menu_order":0,"comment_status":"closed","ping_status":"closed","template":"elementor_header_footer","meta":{"footnotes":""},"class_list":["post-36","page","type-page","status-publish","hentry"],"yoast_head":"<!-- This site is optimized with the Yoast SEO plugin v26.9 - https:\/\/yoast.com\/product\/yoast-seo-wordpress\/ -->\n<title>Golden Visa - Europar Investimentos &amp; Participa\u00e7\u00f5es<\/title>\n<meta name=\"robots\" content=\"index, follow, max-snippet:-1, max-image-preview:large, max-video-preview:-1\" \/>\n<link rel=\"canonical\" href=\"https:\/\/europar.pt\/en\/golden-visa\/\" \/>\n<meta property=\"og:locale\" content=\"en_US\" \/>\n<meta property=\"og:type\" content=\"article\" \/>\n<meta property=\"og:title\" content=\"Golden Visa - Europar Investimentos &amp; Participa\u00e7\u00f5es\" \/>\n<meta property=\"og:description\" content=\"Golden Visa O que \u00e9 o Golden Visa? \u00c9 um programa que permite obter um visto de resid\u00eancia tempor\u00e1rio em Portugal atrav\u00e9s de investimentos no pa\u00eds. Com a obten\u00e7\u00e3o do Golden Visa ter\u00e1 acesso a viver, trabalhar e estudar em territ\u00f3rio portugu\u00eas, bem como a livre circula\u00e7\u00e3o no Espa\u00e7o Schengen. O programa possibilita obter a [&hellip;]\" \/>\n<meta property=\"og:url\" content=\"https:\/\/europar.pt\/en\/golden-visa\/\" \/>\n<meta property=\"og:site_name\" content=\"Europar Investimentos &amp; Participa\u00e7\u00f5es\" \/>\n<meta property=\"article:publisher\" content=\"https:\/\/www.facebook.com\/europarinvestimentos\/\" \/>\n<meta property=\"article:modified_time\" content=\"2023-10-31T19:51:42+00:00\" \/>\n<meta name=\"twitter:card\" content=\"summary_large_image\" \/>\n<meta name=\"twitter:label1\" content=\"Est. reading time\" \/>\n\t<meta name=\"twitter:data1\" content=\"2 minutes\" \/>\n<script type=\"application\/ld+json\" class=\"yoast-schema-graph\">{\"@context\":\"https:\/\/schema.org\",\"@graph\":[{\"@type\":\"WebPage\",\"@id\":\"https:\/\/europar.pt\/golden-visa\/\",\"url\":\"https:\/\/europar.pt\/golden-visa\/\",\"name\":\"Golden Visa - Europar Investimentos &amp; Participa\u00e7\u00f5es\",\"isPartOf\":{\"@id\":\"https:\/\/europar.pt\/#website\"},\"datePublished\":\"2023-07-20T22:14:54+00:00\",\"dateModified\":\"2023-10-31T19:51:42+00:00\",\"breadcrumb\":{\"@id\":\"https:\/\/europar.pt\/golden-visa\/#breadcrumb\"},\"inLanguage\":\"en-US\",\"potentialAction\":[{\"@type\":\"ReadAction\",\"target\":[\"https:\/\/europar.pt\/golden-visa\/\"]}]},{\"@type\":\"BreadcrumbList\",\"@id\":\"https:\/\/europar.pt\/golden-visa\/#breadcrumb\",\"itemListElement\":[{\"@type\":\"ListItem\",\"position\":1,\"name\":\"In\u00edcio\",\"item\":\"https:\/\/europar.pt\/\"},{\"@type\":\"ListItem\",\"position\":2,\"name\":\"Golden Visa\"}]},{\"@type\":\"WebSite\",\"@id\":\"https:\/\/europar.pt\/#website\",\"url\":\"https:\/\/europar.pt\/\",\"name\":\"Europar Investimentos &amp; Participa\u00e7\u00f5es\",\"description\":\"Oportunidades de neg\u00f3cios na Europa\",\"publisher\":{\"@id\":\"https:\/\/europar.pt\/#organization\"},\"potentialAction\":[{\"@type\":\"SearchAction\",\"target\":{\"@type\":\"EntryPoint\",\"urlTemplate\":\"https:\/\/europar.pt\/?s={search_term_string}\"},\"query-input\":{\"@type\":\"PropertyValueSpecification\",\"valueRequired\":true,\"valueName\":\"search_term_string\"}}],\"inLanguage\":\"en-US\"},{\"@type\":\"Organization\",\"@id\":\"https:\/\/europar.pt\/#organization\",\"name\":\"Europar\",\"alternateName\":\"Europar\",\"url\":\"https:\/\/europar.pt\/\",\"logo\":{\"@type\":\"ImageObject\",\"inLanguage\":\"en-US\",\"@id\":\"https:\/\/europar.pt\/#\/schema\/logo\/image\/\",\"url\":\"https:\/\/europar.pt\/wp-content\/uploads\/2023\/07\/cropped-Logomarca-png.png\",\"contentUrl\":\"https:\/\/europar.pt\/wp-content\/uploads\/2023\/07\/cropped-Logomarca-png.png\",\"width\":3787,\"height\":1211,\"caption\":\"Europar\"},\"image\":{\"@id\":\"https:\/\/europar.pt\/#\/schema\/logo\/image\/\"},\"sameAs\":[\"https:\/\/www.facebook.com\/europarinvestimentos\/\",\"https:\/\/pt.linkedin.com\/company\/europar-investimentos\"]}]}<\/script>\n<!-- \/ Yoast SEO plugin. -->","yoast_head_json":{"title":"Golden Visa - Europar Investimentos &amp; Participa\u00e7\u00f5es","robots":{"index":"index","follow":"follow","max-snippet":"max-snippet:-1","max-image-preview":"max-image-preview:large","max-video-preview":"max-video-preview:-1"},"canonical":"https:\/\/europar.pt\/en\/golden-visa\/","og_locale":"en_US","og_type":"article","og_title":"Golden Visa - Europar Investimentos &amp; Participa\u00e7\u00f5es","og_description":"Golden Visa O que \u00e9 o Golden Visa? \u00c9 um programa que permite obter um visto de resid\u00eancia tempor\u00e1rio em Portugal atrav\u00e9s de investimentos no pa\u00eds. Com a obten\u00e7\u00e3o do Golden Visa ter\u00e1 acesso a viver, trabalhar e estudar em territ\u00f3rio portugu\u00eas, bem como a livre circula\u00e7\u00e3o no Espa\u00e7o Schengen. O programa possibilita obter a [&hellip;]","og_url":"https:\/\/europar.pt\/en\/golden-visa\/","og_site_name":"Europar Investimentos &amp; Participa\u00e7\u00f5es","article_publisher":"https:\/\/www.facebook.com\/europarinvestimentos\/","article_modified_time":"2023-10-31T19:51:42+00:00","twitter_card":"summary_large_image","twitter_misc":{"Est. reading time":"2 minutes"},"schema":{"@context":"https:\/\/schema.org","@graph":[{"@type":"WebPage","@id":"https:\/\/europar.pt\/golden-visa\/","url":"https:\/\/europar.pt\/golden-visa\/","name":"Golden Visa - Europar Investimentos &amp; Participa\u00e7\u00f5es","isPartOf":{"@id":"https:\/\/europar.pt\/#website"},"datePublished":"2023-07-20T22:14:54+00:00","dateModified":"2023-10-31T19:51:42+00:00","breadcrumb":{"@id":"https:\/\/europar.pt\/golden-visa\/#breadcrumb"},"inLanguage":"en-US","potentialAction":[{"@type":"ReadAction","target":["https:\/\/europar.pt\/golden-visa\/"]}]},{"@type":"BreadcrumbList","@id":"https:\/\/europar.pt\/golden-visa\/#breadcrumb","itemListElement":[{"@type":"ListItem","position":1,"name":"In\u00edcio","item":"https:\/\/europar.pt\/"},{"@type":"ListItem","position":2,"name":"Golden Visa"}]},{"@type":"WebSite","@id":"https:\/\/europar.pt\/#website","url":"https:\/\/europar.pt\/","name":"Europar Investimentos &amp; Participa\u00e7\u00f5es","description":"Oportunidades de neg\u00f3cios na Europa","publisher":{"@id":"https:\/\/europar.pt\/#organization"},"potentialAction":[{"@type":"SearchAction","target":{"@type":"EntryPoint","urlTemplate":"https:\/\/europar.pt\/?s={search_term_string}"},"query-input":{"@type":"PropertyValueSpecification","valueRequired":true,"valueName":"search_term_string"}}],"inLanguage":"en-US"},{"@type":"Organization","@id":"https:\/\/europar.pt\/#organization","name":"Europar","alternateName":"Europar","url":"https:\/\/europar.pt\/","logo":{"@type":"ImageObject","inLanguage":"en-US","@id":"https:\/\/europar.pt\/#\/schema\/logo\/image\/","url":"https:\/\/europar.pt\/wp-content\/uploads\/2023\/07\/cropped-Logomarca-png.png","contentUrl":"https:\/\/europar.pt\/wp-content\/uploads\/2023\/07\/cropped-Logomarca-png.png","width":3787,"height":1211,"caption":"Europar"},"image":{"@id":"https:\/\/europar.pt\/#\/schema\/logo\/image\/"},"sameAs":["https:\/\/www.facebook.com\/europarinvestimentos\/","https:\/\/pt.linkedin.com\/company\/europar-investimentos"]}]}},"_links":{"self":[{"href":"https:\/\/europar.pt\/en\/wp-json\/wp\/v2\/pages\/36","targetHints":{"allow":["GET"]}}],"collection":[{"href":"https:\/\/europar.pt\/en\/wp-json\/wp\/v2\/pages"}],"about":[{"href":"https:\/\/europar.pt\/en\/wp-json\/wp\/v2\/types\/page"}],"author":[{"embeddable":true,"href":"https:\/\/europar.pt\/en\/wp-json\/wp\/v2\/users\/1"}],"replies":[{"embeddable":true,"href":"https:\/\/europar.pt\/en\/wp-json\/wp\/v2\/comments?post=36"}],"version-history":[{"count":64,"href":"https:\/\/europar.pt\/en\/wp-json\/wp\/v2\/pages\/36\/revisions"}],"predecessor-version":[{"id":818,"href":"https:\/\/europar.pt\/en\/wp-json\/wp\/v2\/pages\/36\/revisions\/818"}],"wp:attachment":[{"href":"https:\/\/europar.pt\/en\/wp-json\/wp\/v2\/media?parent=36"}],"curies":[{"name":"wp","href":"https:\/\/api.w.org\/{rel}","templated":true}]}}