{"id":32,"date":"2023-07-20T22:13:27","date_gmt":"2023-07-20T22:13:27","guid":{"rendered":"https:\/\/europar1.codetec.pt\/?page_id=32"},"modified":"2023-10-31T19:50:46","modified_gmt":"2023-10-31T19:50:46","slug":"parceiros","status":"publish","type":"page","link":"https:\/\/europar.pt\/en\/parceiros\/","title":{"rendered":"Partners"},"content":{"rendered":"<div data-elementor-type=\"wp-page\" data-elementor-id=\"32\" class=\"elementor elementor-32\" data-elementor-post-type=\"page\">\n\t\t\t\t\t\t<section data-particle_enable=\"false\" data-particle-mobile-disabled=\"false\" class=\"elementor-section elementor-top-section elementor-element elementor-element-bd9876c elementor-section-height-min-height elementor-section-boxed elementor-section-height-default elementor-section-items-middle\" data-id=\"bd9876c\" data-element_type=\"section\" data-e-type=\"section\" data-settings=\"{&quot;background_background&quot;:&quot;classic&quot;}\">\n\t\t\t\t\t\t\t<div class=\"elementor-background-overlay\"><\/div>\n\t\t\t\t\t\t\t<div class=\"elementor-container elementor-column-gap-no\">\n\t\t\t\t\t<div class=\"elementor-column elementor-col-100 elementor-top-column elementor-element elementor-element-5b41a941\" data-id=\"5b41a941\" data-element_type=\"column\" data-e-type=\"column\">\n\t\t\t<div class=\"elementor-widget-wrap elementor-element-populated\">\n\t\t\t\t\t\t<div class=\"elementor-element elementor-element-708a9b3c elementor-widget elementor-widget-heading\" data-id=\"708a9b3c\" data-element_type=\"widget\" data-e-type=\"widget\" data-widget_type=\"heading.default\">\n\t\t\t\t<div class=\"elementor-widget-container\">\n\t\t\t\t\t<h2 class=\"elementor-heading-title elementor-size-default\">Partners<\/h2>\t\t\t\t<\/div>\n\t\t\t\t<\/div>\n\t\t\t\t\t<\/div>\n\t\t<\/div>\n\t\t\t\t\t<\/div>\n\t\t<\/section>\n\t\t\t\t<section data-particle_enable=\"false\" data-particle-mobile-disabled=\"false\" class=\"elementor-section elementor-top-section elementor-element elementor-element-12e06868 elementor-section-full_width elementor-section-height-default elementor-section-height-default\" data-id=\"12e06868\" data-element_type=\"section\" data-e-type=\"section\">\n\t\t\t\t\t\t<div class=\"elementor-container elementor-column-gap-no\">\n\t\t\t\t\t<div class=\"elementor-column elementor-col-100 elementor-top-column elementor-element elementor-element-1dc2fa20\" data-id=\"1dc2fa20\" data-element_type=\"column\" data-e-type=\"column\" data-settings=\"{&quot;background_background&quot;:&quot;classic&quot;}\">\n\t\t\t<div class=\"elementor-widget-wrap elementor-element-populated\">\n\t\t\t\t\t\t<div class=\"elementor-element elementor-element-44b87232 elementor-widget elementor-widget-text-editor\" data-id=\"44b87232\" data-element_type=\"widget\" data-e-type=\"widget\" data-widget_type=\"text-editor.default\">\n\t\t\t\t<div class=\"elementor-widget-container\">\n\t\t\t\t\t\t\t\t\t<p>In order to maximize the operation, we develop partnerships with major brands, aiming at new projects of commercial assets that generate long-term income.<\/p>\t\t\t\t\t\t\t\t<\/div>\n\t\t\t\t<\/div>\n\t\t\t\t<div class=\"elementor-element elementor-element-a71ac64 elementor-widget elementor-widget-image\" data-id=\"a71ac64\" data-element_type=\"widget\" data-e-type=\"widget\" data-widget_type=\"image.default\">\n\t\t\t\t<div class=\"elementor-widget-container\">\n\t\t\t\t\t\t\t\t\t\t\t\t\t\t\t<img fetchpriority=\"high\" decoding=\"async\" width=\"1040\" height=\"720\" src=\"https:\/\/europar.pt\/wp-content\/uploads\/2023\/07\/Logos-parceiros.png\" class=\"attachment-full size-full wp-image-89\" alt=\"\" srcset=\"https:\/\/europar.pt\/wp-content\/uploads\/2023\/07\/Logos-parceiros.png 1040w, https:\/\/europar.pt\/wp-content\/uploads\/2023\/07\/Logos-parceiros-300x208.png 300w, https:\/\/europar.pt\/wp-content\/uploads\/2023\/07\/Logos-parceiros-1024x709.png 1024w, https:\/\/europar.pt\/wp-content\/uploads\/2023\/07\/Logos-parceiros-768x532.png 768w\" sizes=\"(max-width: 1040px) 100vw, 1040px\" \/>\t\t\t\t\t\t\t\t\t\t\t\t\t\t\t<\/div>\n\t\t\t\t<\/div>\n\t\t\t\t\t<\/div>\n\t\t<\/div>\n\t\t\t\t\t<\/div>\n\t\t<\/section>\n\t\t\t\t<\/div>","protected":false},"excerpt":{"rendered":"<p>Parceiros Com o objetivo de maximizar a opera\u00e7\u00e3o, desenvolvemos parcerias com grandes marcas, visando novos projetos de ativos comerciais geradores de renda de longo prazo.<\/p>","protected":false},"author":1,"featured_media":0,"parent":0,"menu_order":0,"comment_status":"closed","ping_status":"closed","template":"elementor_header_footer","meta":{"footnotes":""},"class_list":["post-32","page","type-page","status-publish","hentry"],"yoast_head":"<!-- This site is optimized with the Yoast SEO plugin v26.9 - https:\/\/yoast.com\/product\/yoast-seo-wordpress\/ -->\n<title>Parceiros - Europar Investimentos &amp; Participa\u00e7\u00f5es<\/title>\n<meta name=\"robots\" content=\"index, follow, max-snippet:-1, max-image-preview:large, max-video-preview:-1\" \/>\n<link rel=\"canonical\" href=\"https:\/\/europar.pt\/en\/parceiros\/\" \/>\n<meta property=\"og:locale\" content=\"en_US\" \/>\n<meta property=\"og:type\" content=\"article\" \/>\n<meta property=\"og:title\" content=\"Parceiros - Europar Investimentos &amp; Participa\u00e7\u00f5es\" \/>\n<meta property=\"og:description\" content=\"Parceiros Com o objetivo de maximizar a opera\u00e7\u00e3o, desenvolvemos parcerias com grandes marcas, visando novos projetos de ativos comerciais geradores de renda de longo prazo.\" \/>\n<meta property=\"og:url\" content=\"https:\/\/europar.pt\/en\/parceiros\/\" \/>\n<meta property=\"og:site_name\" content=\"Europar Investimentos &amp; Participa\u00e7\u00f5es\" \/>\n<meta property=\"article:publisher\" content=\"https:\/\/www.facebook.com\/europarinvestimentos\/\" \/>\n<meta property=\"article:modified_time\" content=\"2023-10-31T19:50:46+00:00\" \/>\n<meta property=\"og:image\" content=\"https:\/\/europar.pt\/wp-content\/uploads\/2023\/07\/Logos-parceiros.png\" \/>\n<meta name=\"twitter:card\" content=\"summary_large_image\" \/>\n<meta name=\"twitter:label1\" content=\"Est. reading time\" \/>\n\t<meta name=\"twitter:data1\" content=\"1 minute\" \/>\n<script type=\"application\/ld+json\" class=\"yoast-schema-graph\">{\"@context\":\"https:\/\/schema.org\",\"@graph\":[{\"@type\":\"WebPage\",\"@id\":\"https:\/\/europar.pt\/parceiros\/\",\"url\":\"https:\/\/europar.pt\/parceiros\/\",\"name\":\"Parceiros - Europar Investimentos &amp; Participa\u00e7\u00f5es\",\"isPartOf\":{\"@id\":\"https:\/\/europar.pt\/#website\"},\"primaryImageOfPage\":{\"@id\":\"https:\/\/europar.pt\/parceiros\/#primaryimage\"},\"image\":{\"@id\":\"https:\/\/europar.pt\/parceiros\/#primaryimage\"},\"thumbnailUrl\":\"https:\/\/europar.pt\/wp-content\/uploads\/2023\/07\/Logos-parceiros.png\",\"datePublished\":\"2023-07-20T22:13:27+00:00\",\"dateModified\":\"2023-10-31T19:50:46+00:00\",\"breadcrumb\":{\"@id\":\"https:\/\/europar.pt\/parceiros\/#breadcrumb\"},\"inLanguage\":\"en-US\",\"potentialAction\":[{\"@type\":\"ReadAction\",\"target\":[\"https:\/\/europar.pt\/parceiros\/\"]}]},{\"@type\":\"ImageObject\",\"inLanguage\":\"en-US\",\"@id\":\"https:\/\/europar.pt\/parceiros\/#primaryimage\",\"url\":\"https:\/\/europar.pt\/wp-content\/uploads\/2023\/07\/Logos-parceiros.png\",\"contentUrl\":\"https:\/\/europar.pt\/wp-content\/uploads\/2023\/07\/Logos-parceiros.png\"},{\"@type\":\"BreadcrumbList\",\"@id\":\"https:\/\/europar.pt\/parceiros\/#breadcrumb\",\"itemListElement\":[{\"@type\":\"ListItem\",\"position\":1,\"name\":\"In\u00edcio\",\"item\":\"https:\/\/europar.pt\/\"},{\"@type\":\"ListItem\",\"position\":2,\"name\":\"Parceiros\"}]},{\"@type\":\"WebSite\",\"@id\":\"https:\/\/europar.pt\/#website\",\"url\":\"https:\/\/europar.pt\/\",\"name\":\"Europar Investimentos &amp; Participa\u00e7\u00f5es\",\"description\":\"Oportunidades de neg\u00f3cios na Europa\",\"publisher\":{\"@id\":\"https:\/\/europar.pt\/#organization\"},\"potentialAction\":[{\"@type\":\"SearchAction\",\"target\":{\"@type\":\"EntryPoint\",\"urlTemplate\":\"https:\/\/europar.pt\/?s={search_term_string}\"},\"query-input\":{\"@type\":\"PropertyValueSpecification\",\"valueRequired\":true,\"valueName\":\"search_term_string\"}}],\"inLanguage\":\"en-US\"},{\"@type\":\"Organization\",\"@id\":\"https:\/\/europar.pt\/#organization\",\"name\":\"Europar\",\"alternateName\":\"Europar\",\"url\":\"https:\/\/europar.pt\/\",\"logo\":{\"@type\":\"ImageObject\",\"inLanguage\":\"en-US\",\"@id\":\"https:\/\/europar.pt\/#\/schema\/logo\/image\/\",\"url\":\"https:\/\/europar.pt\/wp-content\/uploads\/2023\/07\/cropped-Logomarca-png.png\",\"contentUrl\":\"https:\/\/europar.pt\/wp-content\/uploads\/2023\/07\/cropped-Logomarca-png.png\",\"width\":3787,\"height\":1211,\"caption\":\"Europar\"},\"image\":{\"@id\":\"https:\/\/europar.pt\/#\/schema\/logo\/image\/\"},\"sameAs\":[\"https:\/\/www.facebook.com\/europarinvestimentos\/\",\"https:\/\/pt.linkedin.com\/company\/europar-investimentos\"]}]}<\/script>\n<!-- \/ Yoast SEO plugin. -->","yoast_head_json":{"title":"Parceiros - Europar Investimentos &amp; Participa\u00e7\u00f5es","robots":{"index":"index","follow":"follow","max-snippet":"max-snippet:-1","max-image-preview":"max-image-preview:large","max-video-preview":"max-video-preview:-1"},"canonical":"https:\/\/europar.pt\/en\/parceiros\/","og_locale":"en_US","og_type":"article","og_title":"Parceiros - Europar Investimentos &amp; Participa\u00e7\u00f5es","og_description":"Parceiros Com o objetivo de maximizar a opera\u00e7\u00e3o, desenvolvemos parcerias com grandes marcas, visando novos projetos de ativos comerciais geradores de renda de longo prazo.","og_url":"https:\/\/europar.pt\/en\/parceiros\/","og_site_name":"Europar Investimentos &amp; Participa\u00e7\u00f5es","article_publisher":"https:\/\/www.facebook.com\/europarinvestimentos\/","article_modified_time":"2023-10-31T19:50:46+00:00","og_image":[{"url":"https:\/\/europar.pt\/wp-content\/uploads\/2023\/07\/Logos-parceiros.png","type":"","width":"","height":""}],"twitter_card":"summary_large_image","twitter_misc":{"Est. reading time":"1 minute"},"schema":{"@context":"https:\/\/schema.org","@graph":[{"@type":"WebPage","@id":"https:\/\/europar.pt\/parceiros\/","url":"https:\/\/europar.pt\/parceiros\/","name":"Parceiros - Europar Investimentos &amp; Participa\u00e7\u00f5es","isPartOf":{"@id":"https:\/\/europar.pt\/#website"},"primaryImageOfPage":{"@id":"https:\/\/europar.pt\/parceiros\/#primaryimage"},"image":{"@id":"https:\/\/europar.pt\/parceiros\/#primaryimage"},"thumbnailUrl":"https:\/\/europar.pt\/wp-content\/uploads\/2023\/07\/Logos-parceiros.png","datePublished":"2023-07-20T22:13:27+00:00","dateModified":"2023-10-31T19:50:46+00:00","breadcrumb":{"@id":"https:\/\/europar.pt\/parceiros\/#breadcrumb"},"inLanguage":"en-US","potentialAction":[{"@type":"ReadAction","target":["https:\/\/europar.pt\/parceiros\/"]}]},{"@type":"ImageObject","inLanguage":"en-US","@id":"https:\/\/europar.pt\/parceiros\/#primaryimage","url":"https:\/\/europar.pt\/wp-content\/uploads\/2023\/07\/Logos-parceiros.png","contentUrl":"https:\/\/europar.pt\/wp-content\/uploads\/2023\/07\/Logos-parceiros.png"},{"@type":"BreadcrumbList","@id":"https:\/\/europar.pt\/parceiros\/#breadcrumb","itemListElement":[{"@type":"ListItem","position":1,"name":"In\u00edcio","item":"https:\/\/europar.pt\/"},{"@type":"ListItem","position":2,"name":"Parceiros"}]},{"@type":"WebSite","@id":"https:\/\/europar.pt\/#website","url":"https:\/\/europar.pt\/","name":"Europar Investimentos &amp; Participa\u00e7\u00f5es","description":"Oportunidades de neg\u00f3cios na Europa","publisher":{"@id":"https:\/\/europar.pt\/#organization"},"potentialAction":[{"@type":"SearchAction","target":{"@type":"EntryPoint","urlTemplate":"https:\/\/europar.pt\/?s={search_term_string}"},"query-input":{"@type":"PropertyValueSpecification","valueRequired":true,"valueName":"search_term_string"}}],"inLanguage":"en-US"},{"@type":"Organization","@id":"https:\/\/europar.pt\/#organization","name":"Europar","alternateName":"Europar","url":"https:\/\/europar.pt\/","logo":{"@type":"ImageObject","inLanguage":"en-US","@id":"https:\/\/europar.pt\/#\/schema\/logo\/image\/","url":"https:\/\/europar.pt\/wp-content\/uploads\/2023\/07\/cropped-Logomarca-png.png","contentUrl":"https:\/\/europar.pt\/wp-content\/uploads\/2023\/07\/cropped-Logomarca-png.png","width":3787,"height":1211,"caption":"Europar"},"image":{"@id":"https:\/\/europar.pt\/#\/schema\/logo\/image\/"},"sameAs":["https:\/\/www.facebook.com\/europarinvestimentos\/","https:\/\/pt.linkedin.com\/company\/europar-investimentos"]}]}},"_links":{"self":[{"href":"https:\/\/europar.pt\/en\/wp-json\/wp\/v2\/pages\/32","targetHints":{"allow":["GET"]}}],"collection":[{"href":"https:\/\/europar.pt\/en\/wp-json\/wp\/v2\/pages"}],"about":[{"href":"https:\/\/europar.pt\/en\/wp-json\/wp\/v2\/types\/page"}],"author":[{"embeddable":true,"href":"https:\/\/europar.pt\/en\/wp-json\/wp\/v2\/users\/1"}],"replies":[{"embeddable":true,"href":"https:\/\/europar.pt\/en\/wp-json\/wp\/v2\/comments?post=32"}],"version-history":[{"count":19,"href":"https:\/\/europar.pt\/en\/wp-json\/wp\/v2\/pages\/32\/revisions"}],"predecessor-version":[{"id":812,"href":"https:\/\/europar.pt\/en\/wp-json\/wp\/v2\/pages\/32\/revisions\/812"}],"wp:attachment":[{"href":"https:\/\/europar.pt\/en\/wp-json\/wp\/v2\/media?parent=32"}],"curies":[{"name":"wp","href":"https:\/\/api.w.org\/{rel}","templated":true}]}}