{"id":29,"date":"2023-07-20T22:13:17","date_gmt":"2023-07-20T22:13:17","guid":{"rendered":"https:\/\/europar1.codetec.pt\/?page_id=29"},"modified":"2023-10-31T19:49:48","modified_gmt":"2023-10-31T19:49:48","slug":"a-empresa","status":"publish","type":"page","link":"https:\/\/europar.pt\/en\/a-empresa\/","title":{"rendered":"The Company"},"content":{"rendered":"<div data-elementor-type=\"wp-page\" data-elementor-id=\"29\" class=\"elementor elementor-29\" data-elementor-post-type=\"page\">\n\t\t\t\t\t\t<section data-particle_enable=\"false\" data-particle-mobile-disabled=\"false\" class=\"elementor-section elementor-top-section elementor-element elementor-element-ac6516f elementor-section-height-min-height elementor-section-boxed elementor-section-height-default elementor-section-items-middle\" data-id=\"ac6516f\" data-element_type=\"section\" data-e-type=\"section\" data-settings=\"{&quot;background_background&quot;:&quot;classic&quot;}\">\n\t\t\t\t\t\t\t<div class=\"elementor-background-overlay\"><\/div>\n\t\t\t\t\t\t\t<div class=\"elementor-container elementor-column-gap-no\">\n\t\t\t\t\t<div class=\"elementor-column elementor-col-100 elementor-top-column elementor-element elementor-element-98583e9\" data-id=\"98583e9\" data-element_type=\"column\" data-e-type=\"column\">\n\t\t\t<div class=\"elementor-widget-wrap elementor-element-populated\">\n\t\t\t\t\t\t<div class=\"elementor-element elementor-element-967eb7a elementor-widget elementor-widget-heading\" data-id=\"967eb7a\" data-element_type=\"widget\" data-e-type=\"widget\" data-widget_type=\"heading.default\">\n\t\t\t\t<div class=\"elementor-widget-container\">\n\t\t\t\t\t<h2 class=\"elementor-heading-title elementor-size-default\">The Company<\/h2>\t\t\t\t<\/div>\n\t\t\t\t<\/div>\n\t\t\t\t\t<\/div>\n\t\t<\/div>\n\t\t\t\t\t<\/div>\n\t\t<\/section>\n\t\t\t\t<section data-particle_enable=\"false\" data-particle-mobile-disabled=\"false\" class=\"elementor-section elementor-top-section elementor-element elementor-element-a2bd71a elementor-section-full_width elementor-section-height-default elementor-section-height-default\" data-id=\"a2bd71a\" data-element_type=\"section\" data-e-type=\"section\">\n\t\t\t\t\t\t<div class=\"elementor-container elementor-column-gap-no\">\n\t\t\t\t\t<div class=\"elementor-column elementor-col-100 elementor-top-column elementor-element elementor-element-b0f9575\" data-id=\"b0f9575\" data-element_type=\"column\" data-e-type=\"column\" data-settings=\"{&quot;background_background&quot;:&quot;classic&quot;}\">\n\t\t\t<div class=\"elementor-widget-wrap elementor-element-populated\">\n\t\t\t\t\t\t<div class=\"elementor-element elementor-element-3807662 elementor-widget elementor-widget-text-editor\" data-id=\"3807662\" data-element_type=\"widget\" data-e-type=\"widget\" data-widget_type=\"text-editor.default\">\n\t\t\t\t<div class=\"elementor-widget-container\">\n\t\t\t\t\t\t\t\t\tEuropar operates in structuring and developing businesses in the commercial real estate segment through long-term lease agreements with major brands.\n<br><br>\nThe objective is to elaborate sophisticated financial operations, in order to raise funds to enhance business projects.<br><br>\nOur team has the necessary expertise for a detailed analysis of investor characteristics vs. the investment objective, promoting business results.<br><br>\nAt Europar, negotiation goes beyond the acquisition of property. We provide consulting services and provide legal, financial and project advice, following the evolution of the market in order to guide our clients.\t\t\t\t\t\t\t\t<\/div>\n\t\t\t\t<\/div>\n\t\t\t\t\t<\/div>\n\t\t<\/div>\n\t\t\t\t\t<\/div>\n\t\t<\/section>\n\t\t\t\t<\/div>","protected":false},"excerpt":{"rendered":"<p>A empresa A Europar atua na estrutura\u00e7\u00e3o e desenvolvimento de neg\u00f3cios no segmento imobili\u00e1rio comercial atrav\u00e9s de contratos de loca\u00e7\u00e3o de longo prazo com grandes marcas. O objetivo \u00e9 elaborar opera\u00e7\u00f5es financeiras sofisticadas, com a finalidade de captar recursos para potencializar projetos empresariais. A nossa equipa possui a expertise necess\u00e1ria para uma an\u00e1lise detalhada das [&hellip;]<\/p>","protected":false},"author":1,"featured_media":0,"parent":0,"menu_order":0,"comment_status":"closed","ping_status":"closed","template":"elementor_header_footer","meta":{"footnotes":""},"class_list":["post-29","page","type-page","status-publish","hentry"],"yoast_head":"<!-- This site is optimized with the Yoast SEO plugin v26.9 - https:\/\/yoast.com\/product\/yoast-seo-wordpress\/ -->\n<title>A Empresa - Europar Investimentos &amp; Participa\u00e7\u00f5es<\/title>\n<meta name=\"robots\" content=\"index, follow, max-snippet:-1, max-image-preview:large, max-video-preview:-1\" \/>\n<link rel=\"canonical\" href=\"https:\/\/europar.pt\/en\/a-empresa\/\" \/>\n<meta property=\"og:locale\" content=\"en_US\" \/>\n<meta property=\"og:type\" content=\"article\" \/>\n<meta property=\"og:title\" content=\"A Empresa - Europar Investimentos &amp; Participa\u00e7\u00f5es\" \/>\n<meta property=\"og:description\" content=\"A empresa A Europar atua na estrutura\u00e7\u00e3o e desenvolvimento de neg\u00f3cios no segmento imobili\u00e1rio comercial atrav\u00e9s de contratos de loca\u00e7\u00e3o de longo prazo com grandes marcas. O objetivo \u00e9 elaborar opera\u00e7\u00f5es financeiras sofisticadas, com a finalidade de captar recursos para potencializar projetos empresariais. A nossa equipa possui a expertise necess\u00e1ria para uma an\u00e1lise detalhada das [&hellip;]\" \/>\n<meta property=\"og:url\" content=\"https:\/\/europar.pt\/en\/a-empresa\/\" \/>\n<meta property=\"og:site_name\" content=\"Europar Investimentos &amp; Participa\u00e7\u00f5es\" \/>\n<meta property=\"article:publisher\" content=\"https:\/\/www.facebook.com\/europarinvestimentos\/\" \/>\n<meta property=\"article:modified_time\" content=\"2023-10-31T19:49:48+00:00\" \/>\n<meta name=\"twitter:card\" content=\"summary_large_image\" \/>\n<meta name=\"twitter:label1\" content=\"Est. reading time\" \/>\n\t<meta name=\"twitter:data1\" content=\"1 minute\" \/>\n<script type=\"application\/ld+json\" class=\"yoast-schema-graph\">{\"@context\":\"https:\/\/schema.org\",\"@graph\":[{\"@type\":\"WebPage\",\"@id\":\"https:\/\/europar.pt\/a-empresa\/\",\"url\":\"https:\/\/europar.pt\/a-empresa\/\",\"name\":\"A Empresa - Europar Investimentos &amp; Participa\u00e7\u00f5es\",\"isPartOf\":{\"@id\":\"https:\/\/europar.pt\/#website\"},\"datePublished\":\"2023-07-20T22:13:17+00:00\",\"dateModified\":\"2023-10-31T19:49:48+00:00\",\"breadcrumb\":{\"@id\":\"https:\/\/europar.pt\/a-empresa\/#breadcrumb\"},\"inLanguage\":\"en-US\",\"potentialAction\":[{\"@type\":\"ReadAction\",\"target\":[\"https:\/\/europar.pt\/a-empresa\/\"]}]},{\"@type\":\"BreadcrumbList\",\"@id\":\"https:\/\/europar.pt\/a-empresa\/#breadcrumb\",\"itemListElement\":[{\"@type\":\"ListItem\",\"position\":1,\"name\":\"In\u00edcio\",\"item\":\"https:\/\/europar.pt\/\"},{\"@type\":\"ListItem\",\"position\":2,\"name\":\"A Empresa\"}]},{\"@type\":\"WebSite\",\"@id\":\"https:\/\/europar.pt\/#website\",\"url\":\"https:\/\/europar.pt\/\",\"name\":\"Europar Investimentos &amp; Participa\u00e7\u00f5es\",\"description\":\"Oportunidades de neg\u00f3cios na Europa\",\"publisher\":{\"@id\":\"https:\/\/europar.pt\/#organization\"},\"potentialAction\":[{\"@type\":\"SearchAction\",\"target\":{\"@type\":\"EntryPoint\",\"urlTemplate\":\"https:\/\/europar.pt\/?s={search_term_string}\"},\"query-input\":{\"@type\":\"PropertyValueSpecification\",\"valueRequired\":true,\"valueName\":\"search_term_string\"}}],\"inLanguage\":\"en-US\"},{\"@type\":\"Organization\",\"@id\":\"https:\/\/europar.pt\/#organization\",\"name\":\"Europar\",\"alternateName\":\"Europar\",\"url\":\"https:\/\/europar.pt\/\",\"logo\":{\"@type\":\"ImageObject\",\"inLanguage\":\"en-US\",\"@id\":\"https:\/\/europar.pt\/#\/schema\/logo\/image\/\",\"url\":\"https:\/\/europar.pt\/wp-content\/uploads\/2023\/07\/cropped-Logomarca-png.png\",\"contentUrl\":\"https:\/\/europar.pt\/wp-content\/uploads\/2023\/07\/cropped-Logomarca-png.png\",\"width\":3787,\"height\":1211,\"caption\":\"Europar\"},\"image\":{\"@id\":\"https:\/\/europar.pt\/#\/schema\/logo\/image\/\"},\"sameAs\":[\"https:\/\/www.facebook.com\/europarinvestimentos\/\",\"https:\/\/pt.linkedin.com\/company\/europar-investimentos\"]}]}<\/script>\n<!-- \/ Yoast SEO plugin. -->","yoast_head_json":{"title":"A Empresa - Europar Investimentos &amp; Participa\u00e7\u00f5es","robots":{"index":"index","follow":"follow","max-snippet":"max-snippet:-1","max-image-preview":"max-image-preview:large","max-video-preview":"max-video-preview:-1"},"canonical":"https:\/\/europar.pt\/en\/a-empresa\/","og_locale":"en_US","og_type":"article","og_title":"A Empresa - Europar Investimentos &amp; Participa\u00e7\u00f5es","og_description":"A empresa A Europar atua na estrutura\u00e7\u00e3o e desenvolvimento de neg\u00f3cios no segmento imobili\u00e1rio comercial atrav\u00e9s de contratos de loca\u00e7\u00e3o de longo prazo com grandes marcas. O objetivo \u00e9 elaborar opera\u00e7\u00f5es financeiras sofisticadas, com a finalidade de captar recursos para potencializar projetos empresariais. A nossa equipa possui a expertise necess\u00e1ria para uma an\u00e1lise detalhada das [&hellip;]","og_url":"https:\/\/europar.pt\/en\/a-empresa\/","og_site_name":"Europar Investimentos &amp; Participa\u00e7\u00f5es","article_publisher":"https:\/\/www.facebook.com\/europarinvestimentos\/","article_modified_time":"2023-10-31T19:49:48+00:00","twitter_card":"summary_large_image","twitter_misc":{"Est. reading time":"1 minute"},"schema":{"@context":"https:\/\/schema.org","@graph":[{"@type":"WebPage","@id":"https:\/\/europar.pt\/a-empresa\/","url":"https:\/\/europar.pt\/a-empresa\/","name":"A Empresa - Europar Investimentos &amp; Participa\u00e7\u00f5es","isPartOf":{"@id":"https:\/\/europar.pt\/#website"},"datePublished":"2023-07-20T22:13:17+00:00","dateModified":"2023-10-31T19:49:48+00:00","breadcrumb":{"@id":"https:\/\/europar.pt\/a-empresa\/#breadcrumb"},"inLanguage":"en-US","potentialAction":[{"@type":"ReadAction","target":["https:\/\/europar.pt\/a-empresa\/"]}]},{"@type":"BreadcrumbList","@id":"https:\/\/europar.pt\/a-empresa\/#breadcrumb","itemListElement":[{"@type":"ListItem","position":1,"name":"In\u00edcio","item":"https:\/\/europar.pt\/"},{"@type":"ListItem","position":2,"name":"A Empresa"}]},{"@type":"WebSite","@id":"https:\/\/europar.pt\/#website","url":"https:\/\/europar.pt\/","name":"Europar Investimentos &amp; Participa\u00e7\u00f5es","description":"Oportunidades de neg\u00f3cios na Europa","publisher":{"@id":"https:\/\/europar.pt\/#organization"},"potentialAction":[{"@type":"SearchAction","target":{"@type":"EntryPoint","urlTemplate":"https:\/\/europar.pt\/?s={search_term_string}"},"query-input":{"@type":"PropertyValueSpecification","valueRequired":true,"valueName":"search_term_string"}}],"inLanguage":"en-US"},{"@type":"Organization","@id":"https:\/\/europar.pt\/#organization","name":"Europar","alternateName":"Europar","url":"https:\/\/europar.pt\/","logo":{"@type":"ImageObject","inLanguage":"en-US","@id":"https:\/\/europar.pt\/#\/schema\/logo\/image\/","url":"https:\/\/europar.pt\/wp-content\/uploads\/2023\/07\/cropped-Logomarca-png.png","contentUrl":"https:\/\/europar.pt\/wp-content\/uploads\/2023\/07\/cropped-Logomarca-png.png","width":3787,"height":1211,"caption":"Europar"},"image":{"@id":"https:\/\/europar.pt\/#\/schema\/logo\/image\/"},"sameAs":["https:\/\/www.facebook.com\/europarinvestimentos\/","https:\/\/pt.linkedin.com\/company\/europar-investimentos"]}]}},"_links":{"self":[{"href":"https:\/\/europar.pt\/en\/wp-json\/wp\/v2\/pages\/29","targetHints":{"allow":["GET"]}}],"collection":[{"href":"https:\/\/europar.pt\/en\/wp-json\/wp\/v2\/pages"}],"about":[{"href":"https:\/\/europar.pt\/en\/wp-json\/wp\/v2\/types\/page"}],"author":[{"embeddable":true,"href":"https:\/\/europar.pt\/en\/wp-json\/wp\/v2\/users\/1"}],"replies":[{"embeddable":true,"href":"https:\/\/europar.pt\/en\/wp-json\/wp\/v2\/comments?post=29"}],"version-history":[{"count":37,"href":"https:\/\/europar.pt\/en\/wp-json\/wp\/v2\/pages\/29\/revisions"}],"predecessor-version":[{"id":809,"href":"https:\/\/europar.pt\/en\/wp-json\/wp\/v2\/pages\/29\/revisions\/809"}],"wp:attachment":[{"href":"https:\/\/europar.pt\/en\/wp-json\/wp\/v2\/media?parent=29"}],"curies":[{"name":"wp","href":"https:\/\/api.w.org\/{rel}","templated":true}]}}